{"id":275,"date":"2017-10-12T15:49:38","date_gmt":"2017-10-12T13:49:38","guid":{"rendered":"http:\/\/pointformation-laval.fr\/?page_id=275"},"modified":"2022-07-08T11:48:45","modified_gmt":"2022-07-08T09:48:45","slug":"createur-dentreprise","status":"publish","type":"page","link":"http:\/\/pointformation-laval.fr\/index.php\/createur-dentreprise\/","title":{"rendered":"Cr\u00e9ateur d&rsquo;entreprise"},"content":{"rendered":"<p style=\"text-align: justify;\"><img decoding=\"async\" class=\"alignleft wp-image-322\" title=\"formation cr\u00e9ateur entreprise\" src=\"http:\/\/pointformation-laval.fr\/wp-content\/uploads\/2017\/10\/business-card-427513_640-300x199.png\" alt=\"formation cr\u00e9ateur entreprise\" width=\"214\" height=\"142\" srcset=\"http:\/\/pointformation-laval.fr\/wp-content\/uploads\/2017\/10\/business-card-427513_640-300x199.png 300w, http:\/\/pointformation-laval.fr\/wp-content\/uploads\/2017\/10\/business-card-427513_640-226x150.png 226w, http:\/\/pointformation-laval.fr\/wp-content\/uploads\/2017\/10\/business-card-427513_640-150x100.png 150w, http:\/\/pointformation-laval.fr\/wp-content\/uploads\/2017\/10\/business-card-427513_640.png 640w\" sizes=\"(max-width: 214px) 100vw, 214px\" \/>Vous avez cr\u00e9\u00e9 votre entreprise r\u00e9cemment, ou vous souhaitez le faire?<\/p>\n<p style=\"text-align: justify;\">Nous vous proposons des formations personnalis\u00e9es, en fonction de vos besoins et de vos attentes.<\/p>\n<h3>Formations cr\u00e9ateurs et porteurs de projets :<\/h3>\n<hr \/>\n<p>\u00c9tablir un budget pr\u00e9visionnel<\/p>\n<p>Concevoir et suivre son tableau de bord de gestion<\/p>\n<p><a href=\"http:\/\/pointformation-laval.fr\/wp-content\/uploads\/2017\/10\/Logiciel-de-Gestion-Commerciale.pdf\" target=\"_blank\" rel=\"noopener\">Le logiciel de facturation et gestion commerciale<\/a><\/p>\n<p><a href=\"http:\/\/pointformation-laval.fr\/wp-content\/uploads\/2017\/10\/Logiciel-de-comptabilit\u00e9.pdf\" target=\"_blank\" rel=\"noopener\">Le logiciel de comptabilit\u00e9<\/a><\/p>\n<p><a href=\"http:\/\/pointformation-laval.fr\/wp-content\/uploads\/2017\/10\/Cr\u00e9ation-de-site-internet-WORDPRESS.pdf\" target=\"_blank\" rel=\"noopener\">Cr\u00e9ation de site internet<\/a><\/p>\n","protected":false},"excerpt":{"rendered":"<p>Vous avez cr\u00e9\u00e9 votre entreprise r\u00e9cemment, ou vous souhaitez le faire? Nous vous proposons des formations personnalis\u00e9es, en fonction de vos besoins et de vos attentes. Formations cr\u00e9ateurs et porteurs de projets : \u00c9tablir un budget pr\u00e9visionnel Concevoir et suivre son tableau de bord de gestion Le logiciel de facturation\u2026<\/p>\n<p> <a class=\"continue-reading-link\" href=\"http:\/\/pointformation-laval.fr\/index.php\/createur-dentreprise\/\"><span>Continue reading<\/span><i class=\"crycon-right-dir\"><\/i><\/a> <\/p>\n","protected":false},"author":1,"featured_media":0,"parent":0,"menu_order":0,"comment_status":"closed","ping_status":"closed","template":"","meta":{"footnotes":""},"class_list":["post-275","page","type-page","status-publish","hentry"],"aioseo_notices":[],"_links":{"self":[{"href":"http:\/\/pointformation-laval.fr\/index.php\/wp-json\/wp\/v2\/pages\/275","targetHints":{"allow":["GET"]}}],"collection":[{"href":"http:\/\/pointformation-laval.fr\/index.php\/wp-json\/wp\/v2\/pages"}],"about":[{"href":"http:\/\/pointformation-laval.fr\/index.php\/wp-json\/wp\/v2\/types\/page"}],"author":[{"embeddable":true,"href":"http:\/\/pointformation-laval.fr\/index.php\/wp-json\/wp\/v2\/users\/1"}],"replies":[{"embeddable":true,"href":"http:\/\/pointformation-laval.fr\/index.php\/wp-json\/wp\/v2\/comments?post=275"}],"version-history":[{"count":8,"href":"http:\/\/pointformation-laval.fr\/index.php\/wp-json\/wp\/v2\/pages\/275\/revisions"}],"predecessor-version":[{"id":894,"href":"http:\/\/pointformation-laval.fr\/index.php\/wp-json\/wp\/v2\/pages\/275\/revisions\/894"}],"wp:attachment":[{"href":"http:\/\/pointformation-laval.fr\/index.php\/wp-json\/wp\/v2\/media?parent=275"}],"curies":[{"name":"wp","href":"https:\/\/api.w.org\/{rel}","templated":true}]}}