{"id":741,"date":"2021-02-11T16:58:01","date_gmt":"2021-02-11T15:58:01","guid":{"rendered":"http:\/\/pointformation-laval.fr\/?page_id=741"},"modified":"2022-06-27T16:58:52","modified_gmt":"2022-06-27T14:58:52","slug":"logiciel-de-paie-silae-2","status":"publish","type":"page","link":"http:\/\/pointformation-laval.fr\/index.php\/logiciel-de-paie-silae-2\/","title":{"rendered":"Logiciel de Paie SILAE"},"content":{"rendered":"\n<div class=\"wp-block-group\"><div class=\"wp-block-group__inner-container is-layout-flow wp-block-group-is-layout-flow\">\n<h1 class=\"wp-block-heading\"><strong>La pratique de la paie sur logiciel (SILAE)<\/strong><\/h1>\n\n\n\n<div class=\"wp-block-group\"><div class=\"wp-block-group__inner-container is-layout-flow wp-block-group-is-layout-flow\">\n<p><\/p>\n\n\n\n<p><\/p>\n<\/div><\/div>\n\n\n\n<div class=\"wp-block-media-text alignwide is-stacked-on-mobile\"><figure class=\"wp-block-media-text__media\"><img fetchpriority=\"high\" decoding=\"async\" width=\"300\" height=\"177\" src=\"http:\/\/pointformation-laval.fr\/wp-content\/uploads\/2021\/02\/calculator-385506_640-300x177-1.jpg\" alt=\"\" class=\"wp-image-751 size-full\" srcset=\"http:\/\/pointformation-laval.fr\/wp-content\/uploads\/2021\/02\/calculator-385506_640-300x177-1.jpg 300w, http:\/\/pointformation-laval.fr\/wp-content\/uploads\/2021\/02\/calculator-385506_640-300x177-1-150x89.jpg 150w\" sizes=\"(max-width: 300px) 100vw, 300px\" \/><\/figure><div class=\"wp-block-media-text__content\">\n<p class=\"has-text-align-center has-normal-font-size\">D\u00e9sormais incontournable dans les cabinets comptables, ou dans les entreprises, le logiciel <strong>SILAE<\/strong> est devenu une r\u00e9f\u00e9rence des logiciels de Paie.<\/p>\n<\/div><\/div>\n\n\n\n<hr class=\"wp-block-separator is-style-wide\"\/>\n\n\n\n<p><\/p>\n<\/div><\/div>\n\n\n\n<h5 class=\"has-white-color has-text-color has-background wp-block-heading\" style=\"background-color:#445e69\">Objectifs p\u00e9dagogiques<\/h5>\n\n\n\n<hr class=\"wp-block-separator is-style-wide\"\/>\n\n\n\n<ul class=\"wp-block-list\"><li><strong>Am\u00e9liorer<\/strong> <strong>l&#8217;employabilit\u00e9 de l&rsquo;apprenant<\/strong><\/li><li><strong>Devenir op\u00e9rationnel rapidement<\/strong><\/li><li><strong>Gagner en autonomie<\/strong><\/li><li><strong>Ma\u00eetriser le fonctionnement du logiciel de paie<\/strong><\/li><\/ul>\n\n\n\n<p>Face \u00e0 une forte demande de formation sur le <strong>logiciel de paie par les professionnels de la paie<\/strong>, nous avons d\u00e9cid\u00e9 de r\u00e9pondre \u00e0 leur demande en leur proposant une formation concr\u00e8te qui m\u00eale la <strong>r\u00e9vision des \u00e9l\u00e9ments sp\u00e9cifiques<\/strong> de la paie avec<strong> l\u2019utilisation du logiciel<\/strong> (du param\u00e9trage \u00e0 l\u2019utilisation au quotidien).<\/p>\n\n\n\n<p>L\u2019objectif de la formation est d\u2019am\u00e9liorer leur employabilit\u00e9 en les rendant <strong>op\u00e9rationnels et autonomes<\/strong> d\u00e8s la sortie de formation. Ils sauront cr\u00e9er un dossier en effectuant le param\u00e9trage de base, saisir les \u00e9l\u00e9ments variables, \u00e9tablir les bulletins de salaire et les contr\u00f4ler, param\u00e9trer et r\u00e9aliser les DSN et g\u00e9rer les fins de contrat&nbsp;<\/p>\n\n\n\n<h5 class=\"has-white-color has-text-color has-background wp-block-heading\" style=\"background-color:#445e69\">Contenu de la formation<\/h5>\n\n\n\n<hr class=\"wp-block-separator is-style-wide\"\/>\n\n\n\n<ul class=\"wp-block-list\"><li><strong>Pr\u00e9sentation du logiciel<\/strong><\/li><\/ul>\n\n\n\n<ul class=\"wp-block-list\"><li><strong>Param\u00e9trage d&rsquo;un dossier paie<\/strong><\/li><\/ul>\n\n\n\n<p>&#8211; Cr\u00e9ation de la fiche soci\u00e9t\u00e9&nbsp;<\/p>\n\n\n\n<p>&#8211; Cr\u00e9ation des fiches salari\u00e9s&nbsp;<\/p>\n\n\n\n<p>&#8211; Cr\u00e9ation des organismes sociaux &nbsp;<\/p>\n\n\n\n<ul class=\"wp-block-list\"><li><strong>Param\u00e9trage des \u00e9l\u00e9ments de calcul n\u00e9cessaire \u00e0 l&rsquo;\u00e9tablissement de salaires<\/strong><\/li><\/ul>\n\n\n\n<p>&#8211; Les cotisations&nbsp;<\/p>\n\n\n\n<p>&#8211; Les primes&nbsp;<\/p>\n\n\n\n<p>&#8211; L\u2019import du taux PAS &nbsp;<\/p>\n\n\n\n<ul class=\"wp-block-list\"><li><strong>La saisie des \u00e9l\u00e9ments du mois<\/strong><\/li><\/ul>\n\n\n\n<p>&#8211; Les absences&nbsp;<\/p>\n\n\n\n<p>&#8211; Les cong\u00e9s&nbsp;<\/p>\n\n\n\n<p>&#8211; Les acomptes&nbsp;<\/p>\n\n\n\n<p>&#8211; Les heures suppl\u00e9mentaires\/compl\u00e9mentaires&nbsp;<\/p>\n\n\n\n<p>&#8211; Les \u00e9l\u00e9ments variables : primes, frais professionnels\u2026 &nbsp;<\/p>\n\n\n\n<ul class=\"wp-block-list\"><li><strong>La r\u00e9alisation des bulletins<\/strong><\/li><\/ul>\n\n\n\n<p>&#8211; Production de bulletins de paie pr\u00e9sentant diff\u00e9rents \u00e9v\u00e8nements et situations<\/p>\n\n\n\n<ul class=\"wp-block-list\"><li><strong>Les \u00e9ditions&nbsp;<\/strong><\/li><\/ul>\n\n\n\n<p>&#8211; Le bulletin de salaire&nbsp;<\/p>\n\n\n\n<p>&#8211; Le journal de paie&nbsp;<\/p>\n\n\n\n<p>&#8211; Le tableau des charges &nbsp;<\/p>\n\n\n\n<ul class=\"wp-block-list\"><li><strong>La pr\u00e9paration de la DS<\/strong>N<\/li><\/ul>\n\n\n\n<ul class=\"wp-block-list\"><li><strong>Les &nbsp;\u00e9critures de paie<\/strong><\/li><\/ul>\n\n\n\n<h5 class=\"has-white-color has-text-color has-background wp-block-heading\" style=\"background-color:#445e69\">Moyens p\u00e9dagogiques et techniques<\/h5>\n\n\n\n<hr class=\"wp-block-separator is-style-wide\"\/>\n\n\n\n<ul class=\"wp-block-list\"><li>Utilisation des <strong>documents int\u00e9gr\u00e9s<\/strong> au logiciel<\/li><li><strong>Mise en situation<\/strong> professionnelle avec la cr\u00e9ation d&rsquo;un dossier de A \u00e0 Z par le participant<\/li><li><strong>Quiz<\/strong><\/li><li>Mise \u00e0 disposition en ligne de <strong>documents supports<\/strong> \u00e0 la suite de la formation<\/li><\/ul>\n\n\n\n<p><\/p>\n\n\n\n<p>Le suivi des candidats est individualis\u00e9, il est effectu\u00e9 par un intervenant r\u00e9f\u00e9rent. <\/p>\n\n\n\n<p>L\u2019intervenant accompagne les candidats jusqu\u2019\u00e0 la certification.&nbsp;<\/p>\n\n\n\n<p>Le candidat sera \u00e9valu\u00e9 tout au long de la formation sur ses comp\u00e9tences en param\u00e9trage et sur ses connaissances en paie. &nbsp;&nbsp;<\/p>\n\n\n\n<p><strong>Formation en E-learning<\/strong><\/p>\n\n\n\n<h5 class=\"has-white-color has-text-color has-background wp-block-heading\" style=\"background-color:#445e69\">A qui s&rsquo;adresse cette formation?<\/h5>\n\n\n\n<hr class=\"wp-block-separator is-style-wide\"\/>\n\n\n\n<p>Personnel des <strong>services paie, RH ou comptabilit\u00e9<\/strong><\/p>\n\n\n\n<h5 class=\"has-white-color has-text-color has-background wp-block-heading\" style=\"background-color:#445e69\">Pr\u00e9requis<\/h5>\n\n\n\n<hr class=\"wp-block-separator is-style-wide\"\/>\n\n\n\n<p>&#8211; Justifier d&rsquo;une exp\u00e9rience professionnelle dans le domaine de la paie<\/p>\n\n\n\n<p>&#8211; Avoir d\u00e9j\u00e0 utilis\u00e9 un logiciel de paie&nbsp;<\/p>\n\n\n\n<h5 class=\"has-white-color has-text-color has-background wp-block-heading\" style=\"background-color:#445e69\">Dur\u00e9e <\/h5>\n\n\n\n<hr class=\"wp-block-separator is-style-wide\"\/>\n\n\n\n<p><strong>Formation en E-learning<\/strong><\/p>\n\n\n\n<p>Dur\u00e9e : 35 heures.<\/p>\n\n\n\n<p>L&rsquo;acc\u00e8s au logiciel sera <strong>illimit\u00e9 <\/strong>pendant un mois, afin de permettre au candidat de s&rsquo;organiser pour r\u00e9aliser la formation.<\/p>\n\n\n\n<h5 class=\"has-white-color has-text-color has-background wp-block-heading\" style=\"background-color:#445e69\">Co\u00fbt : 2 800 \u20ac<\/h5>\n\n\n\n<hr class=\"wp-block-separator is-style-wide\"\/>\n\n\n\n<div class=\"wp-block-buttons is-horizontal is-content-justification-center is-layout-flex wp-container-core-buttons-is-layout-1 wp-block-buttons-is-layout-flex\">\n<div class=\"wp-block-button is-style-fill\"><a class=\"wp-block-button__link\" href=\"http:\/\/pointformation-laval.fr\/index.php\/contact\/\">S&rsquo;inscrire \u00e0 la formation<\/a><\/div>\n<\/div>\n\n\n\n<p><\/p>\n","protected":false},"excerpt":{"rendered":"<p>La pratique de la paie sur logiciel (SILAE) D\u00e9sormais incontournable dans les cabinets comptables, ou dans les entreprises, le logiciel SILAE est devenu une r\u00e9f\u00e9rence des logiciels de Paie. Objectifs p\u00e9dagogiques Am\u00e9liorer l&#8217;employabilit\u00e9 de l&rsquo;apprenant Devenir op\u00e9rationnel rapidement Gagner en autonomie Ma\u00eetriser le fonctionnement du logiciel de paie Face \u00e0\u2026<\/p>\n<p> <a class=\"continue-reading-link\" href=\"http:\/\/pointformation-laval.fr\/index.php\/logiciel-de-paie-silae-2\/\"><span>Continue reading<\/span><i class=\"crycon-right-dir\"><\/i><\/a> <\/p>\n","protected":false},"author":1,"featured_media":0,"parent":0,"menu_order":0,"comment_status":"closed","ping_status":"closed","template":"","meta":{"footnotes":""},"class_list":["post-741","page","type-page","status-publish","hentry"],"aioseo_notices":[],"_links":{"self":[{"href":"http:\/\/pointformation-laval.fr\/index.php\/wp-json\/wp\/v2\/pages\/741","targetHints":{"allow":["GET"]}}],"collection":[{"href":"http:\/\/pointformation-laval.fr\/index.php\/wp-json\/wp\/v2\/pages"}],"about":[{"href":"http:\/\/pointformation-laval.fr\/index.php\/wp-json\/wp\/v2\/types\/page"}],"author":[{"embeddable":true,"href":"http:\/\/pointformation-laval.fr\/index.php\/wp-json\/wp\/v2\/users\/1"}],"replies":[{"embeddable":true,"href":"http:\/\/pointformation-laval.fr\/index.php\/wp-json\/wp\/v2\/comments?post=741"}],"version-history":[{"count":20,"href":"http:\/\/pointformation-laval.fr\/index.php\/wp-json\/wp\/v2\/pages\/741\/revisions"}],"predecessor-version":[{"id":889,"href":"http:\/\/pointformation-laval.fr\/index.php\/wp-json\/wp\/v2\/pages\/741\/revisions\/889"}],"wp:attachment":[{"href":"http:\/\/pointformation-laval.fr\/index.php\/wp-json\/wp\/v2\/media?parent=741"}],"curies":[{"name":"wp","href":"https:\/\/api.w.org\/{rel}","templated":true}]}}