{"id":84,"date":"2017-05-17T11:30:09","date_gmt":"2017-05-17T09:30:09","guid":{"rendered":"http:\/\/pointformation-laval.fr\/?page_id=84"},"modified":"2017-11-13T12:12:04","modified_gmt":"2017-11-13T11:12:04","slug":"formations-a-la-carte","status":"publish","type":"page","link":"http:\/\/pointformation-laval.fr\/index.php\/formations-a-la-carte\/","title":{"rendered":"Formations \u00e0 la carte"},"content":{"rendered":"<p><img decoding=\"async\" class=\"alignleft wp-image-325\" title=\"Formation \u00e0 la carte\" src=\"http:\/\/pointformation-laval.fr\/wp-content\/uploads\/2017\/05\/a3-poster-1296448_640-300x240.png\" alt=\"Formation \u00e0 la carte\" width=\"98\" height=\"78\" srcset=\"http:\/\/pointformation-laval.fr\/wp-content\/uploads\/2017\/05\/a3-poster-1296448_640-300x240.png 300w, http:\/\/pointformation-laval.fr\/wp-content\/uploads\/2017\/05\/a3-poster-1296448_640-188x150.png 188w, http:\/\/pointformation-laval.fr\/wp-content\/uploads\/2017\/05\/a3-poster-1296448_640-150x120.png 150w, http:\/\/pointformation-laval.fr\/wp-content\/uploads\/2017\/05\/a3-poster-1296448_640.png 640w\" sizes=\"(max-width: 98px) 100vw, 98px\" \/><\/p>\n<p>D\u00e9couvrez l&rsquo;ensemble de nos formations \u00e0 la carte, class\u00e9es par th\u00e8me.<\/p>\n<p>&nbsp;<\/p>\n<pre><code><div class=\"responsive-tabs\">\n<h2 class=\"tabtitle\">Comptabilit\u00e9 \/ Gestion<\/h2>\n<div class=\"tabcontent\">\n\r\n<span style=\"font-family: source sans pro;\">\r\n<a href=\"http:\/\/pointformation-laval.fr\/wp-content\/uploads\/2017\/10\/Formation-des-prix.pdf\" target=\"_blank\" rel=\"noopener\">Formation des prix<\/a><br\/><br\/>\r\n\r\n\r\n<a href=\"http:\/\/pointformation-laval.fr\/wp-content\/uploads\/2017\/10\/Initiation-\u00e0-la-comptabilit\u00e9.pdf\" target=\"_blank\" rel=\"noopener\">Initiation \u00e0 la comptabilit\u00e9<\/a><br\/><br\/>\r\n\r\n\r\n<a href=\"http:\/\/pointformation-laval.fr\/wp-content\/uploads\/2017\/10\/Comptabilit\u00e9-Travaux-approfondis.pdf\" target=\"_blank\" rel=\"noopener\">Comptabilit\u00e9 approfondie<\/a><br\/><br\/>\r\n\r\n\r\n<a href=\"http:\/\/pointformation-laval.fr\/wp-content\/uploads\/2017\/10\/Comptabilit\u00e9-Travaux-dinventaire.pdf\" target=\"_blank\" rel=\"noopener\">Travaux d'inventaire<\/a><br\/><br\/>\r\n\r\n\r\n<a href=\"http:\/\/pointformation-laval.fr\/wp-content\/uploads\/2017\/10\/Comptabilit\u00e9-Analytique.pdf\" target=\"_blank\" rel=\"noopener\">Comptabilit\u00e9 analytique<\/a><br\/><br\/>\r\n\r\n\r\n<a href=\"http:\/\/pointformation-laval.fr\/wp-content\/uploads\/2017\/10\/Analyse-financi\u00e8re.pdf\" target=\"_blank\" rel=\"noopener\">Comptabilit\u00e9 financi\u00e8re<\/a><br\/><br\/>\r\n\r\n\r\n<a href=\"http:\/\/pointformation-laval.fr\/wp-content\/uploads\/2017\/10\/Logiciel-de-comptabilit\u00e9.pdf\" target=\"_blank\" rel=\"noopener\">Le logiciel de comptabilit\u00e9<\/a><br\/><br\/>\r\n\r\n\r\n<a href=\"http:\/\/pointformation-laval.fr\/wp-content\/uploads\/2017\/10\/Logiciel-de-Gestion-Commerciale.pdf\" target=\"_blank\" rel=\"noopener\">Le logiciel de gestion commerciale\u00a0\u00a0\u00a0\u00a0<\/a><br\/><br\/>\r\n\r\n\u00a0\u00a0\u00a0\u00a0\u00a0\r\n\r\n\u00a0\u00a0\u00a0\u00a0\u00a0\u00a0\u00a0\u00a0\r\n\r\n<\/span>\r\n\n<\/div><h2 class=\"tabtitle\">Paie<\/h2>\n<div class=\"tabcontent\">\n\r\n<span style=\"font-family: source sans pro;\"><a href=\"http:\/\/pointformation-laval.fr\/wp-content\/uploads\/2017\/10\/Les-g\u00e9n\u00e9ralit\u00e9s-de-la-paie.pdf\" target=\"_blank\" rel=\"noopener\">Le bulletin de salaire et les organismes sociaux<\/a><br\/><br\/>\r\n\r\n\r\nLa paie approfondie<br\/><br\/>\r\n\r\n\r\n<\/span>\r\n\n<\/div><h2 class=\"tabtitle\">Bureautique<\/h2>\n<div class=\"tabcontent\">\n\r\n<span style=\"font-family: source sans pro;\"><a href=\"http:\/\/pointformation-laval.fr\/wp-content\/uploads\/2017\/11\/Word-Niveau-d\u00e9butant-et-interm\u00e9diaire.pdf\" target=\"_blank\" rel=\"noopener\">Word initiation<\/a><br\/><br\/>\r\n\r\n\r\n<a href=\"http:\/\/pointformation-laval.fr\/wp-content\/uploads\/2017\/11\/Word-Niveau-perfectionnement.pdf\" target=\"_blank\" rel=\"noopener\">Word perfectionnement<\/a><br\/><br\/>\r\n\r\n\r\n<a href=\"http:\/\/pointformation-laval.fr\/wp-content\/uploads\/2017\/11\/Excel-Niveau-d\u00e9butant.pdf\" target=\"_blank\" rel=\"noopener\">Excel initiation<\/a><br\/><br\/>\r\n\r\n\r\n<a href=\"http:\/\/pointformation-laval.fr\/wp-content\/uploads\/2017\/11\/Excel-Niveau-perfectionnement.pdf\" target=\"_blank\" rel=\"noopener\">Excel perfectionnement<\/a><br\/><br\/>\r\n\r\n\r\n<a href=\"http:\/\/pointformation-laval.fr\/wp-content\/uploads\/2017\/11\/Powerpoint.pdf\" target=\"_blank\" rel=\"noopener\">Powerpoint<\/a><br\/><br\/>\r\n\r\n\r\n<a href=\"http:\/\/pointformation-laval.fr\/wp-content\/uploads\/2017\/11\/Outlook.pdf\" target=\"_blank\" rel=\"noopener\">Agenda \/ Messagerie : Outlook<\/a><br\/><br\/>\r\n\r\n\r\n<a href=\"http:\/\/pointformation-laval.fr\/wp-content\/uploads\/2017\/10\/D\u00e9couverte-de-Windows.pdf\" target=\"_blank\" rel=\"noopener\">Environnement Windows et Internet<\/a><br\/><br\/>\r\n\r\n\r\n<\/span>\r\n<\/div><\/div><\/code><\/pre>\n","protected":false},"excerpt":{"rendered":"<p>D\u00e9couvrez l&rsquo;ensemble de nos formations \u00e0 la carte, class\u00e9es par th\u00e8me. &nbsp; Formation des prix Initiation \u00e0 la comptabilit\u00e9 Comptabilit\u00e9 approfondie Travaux d&rsquo;inventaire Comptabilit\u00e9 analytique Comptabilit\u00e9 financi\u00e8re Le logiciel de comptabilit\u00e9 Le logiciel de gestion commerciale\u00a0\u00a0\u00a0\u00a0 \u00a0\u00a0\u00a0\u00a0\u00a0 \u00a0\u00a0\u00a0\u00a0\u00a0\u00a0\u00a0\u00a0 Le bulletin de salaire et les organismes sociaux La paie approfondie Word\u2026<\/p>\n<p> <a class=\"continue-reading-link\" href=\"http:\/\/pointformation-laval.fr\/index.php\/formations-a-la-carte\/\"><span>Continue reading<\/span><i class=\"crycon-right-dir\"><\/i><\/a> <\/p>\n","protected":false},"author":1,"featured_media":0,"parent":0,"menu_order":0,"comment_status":"closed","ping_status":"closed","template":"","meta":{"footnotes":""},"class_list":["post-84","page","type-page","status-publish","hentry"],"aioseo_notices":[],"_links":{"self":[{"href":"http:\/\/pointformation-laval.fr\/index.php\/wp-json\/wp\/v2\/pages\/84","targetHints":{"allow":["GET"]}}],"collection":[{"href":"http:\/\/pointformation-laval.fr\/index.php\/wp-json\/wp\/v2\/pages"}],"about":[{"href":"http:\/\/pointformation-laval.fr\/index.php\/wp-json\/wp\/v2\/types\/page"}],"author":[{"embeddable":true,"href":"http:\/\/pointformation-laval.fr\/index.php\/wp-json\/wp\/v2\/users\/1"}],"replies":[{"embeddable":true,"href":"http:\/\/pointformation-laval.fr\/index.php\/wp-json\/wp\/v2\/comments?post=84"}],"version-history":[{"count":37,"href":"http:\/\/pointformation-laval.fr\/index.php\/wp-json\/wp\/v2\/pages\/84\/revisions"}],"predecessor-version":[{"id":460,"href":"http:\/\/pointformation-laval.fr\/index.php\/wp-json\/wp\/v2\/pages\/84\/revisions\/460"}],"wp:attachment":[{"href":"http:\/\/pointformation-laval.fr\/index.php\/wp-json\/wp\/v2\/media?parent=84"}],"curies":[{"name":"wp","href":"https:\/\/api.w.org\/{rel}","templated":true}]}}