{"id":1348,"date":"2023-09-11T15:29:17","date_gmt":"2023-09-11T13:29:17","guid":{"rendered":"http:\/\/pointformation-laval.fr\/?page_id=1348"},"modified":"2023-09-19T16:48:55","modified_gmt":"2023-09-19T14:48:55","slug":"elementor-1348","status":"publish","type":"page","link":"https:\/\/pointformation-laval.fr\/index.php\/elementor-1348\/","title":{"rendered":"Paie et ressources humaines\u200b"},"content":{"rendered":"\t\t<div data-elementor-type=\"wp-page\" data-elementor-id=\"1348\" class=\"elementor elementor-1348\">\n\t\t\t\t\t\t<section class=\"elementor-section elementor-top-section elementor-element elementor-element-3bed8317 elementor-section-boxed elementor-section-height-default elementor-section-height-default\" data-id=\"3bed8317\" data-element_type=\"section\" data-e-type=\"section\">\n\t\t\t\t\t\t<div class=\"elementor-container elementor-column-gap-default\">\n\t\t\t\t\t<div class=\"elementor-column elementor-col-100 elementor-top-column elementor-element elementor-element-3c221ce\" data-id=\"3c221ce\" data-element_type=\"column\" data-e-type=\"column\">\n\t\t\t<div class=\"elementor-widget-wrap elementor-element-populated\">\n\t\t\t\t\t\t<div class=\"elementor-element elementor-element-2a0de5b elementor-widget elementor-widget-heading\" data-id=\"2a0de5b\" data-element_type=\"widget\" data-e-type=\"widget\" data-widget_type=\"heading.default\">\n\t\t\t\t<div class=\"elementor-widget-container\">\n\t\t\t\t\t<h4 class=\"elementor-heading-title elementor-size-default\">Formations en paie et ressources humaines<\/h4>\t\t\t\t<\/div>\n\t\t\t\t<\/div>\n\t\t\t\t<div class=\"elementor-element elementor-element-2c51cb8 elementor-widget elementor-widget-text-editor\" data-id=\"2c51cb8\" data-element_type=\"widget\" data-e-type=\"widget\" data-widget_type=\"text-editor.default\">\n\t\t\t\t<div class=\"elementor-widget-container\">\n\t\t\t\t\t\t\t\t\t<p style=\"text-align: justify;\">Vous voulez d\u00e9couvrir le m\u00e9tier de Gestionnaire de paie ou d&rsquo;Assistant(e) en Ressources Humaines, vous perfectionner ou bien d\u00e9couvrir le logiciel SILAE, venez d\u00e9couvrir nos formations.<\/p>\t\t\t\t\t\t\t\t<\/div>\n\t\t\t\t<\/div>\n\t\t\t\t\t<\/div>\n\t\t<\/div>\n\t\t\t\t\t<\/div>\n\t\t<\/section>\n\t\t\t\t<section class=\"elementor-section elementor-top-section elementor-element elementor-element-3f2faea4 elementor-section-boxed elementor-section-height-default elementor-section-height-default\" data-id=\"3f2faea4\" data-element_type=\"section\" data-e-type=\"section\">\n\t\t\t\t\t\t<div class=\"elementor-container elementor-column-gap-default\">\n\t\t\t\t\t<div class=\"elementor-column elementor-col-100 elementor-top-column elementor-element elementor-element-58880ecb\" data-id=\"58880ecb\" data-element_type=\"column\" data-e-type=\"column\">\n\t\t\t<div class=\"elementor-widget-wrap elementor-element-populated\">\n\t\t\t\t\t\t<div class=\"elementor-element elementor-element-237591c2 elementor-widget elementor-widget-image\" data-id=\"237591c2\" data-element_type=\"widget\" data-e-type=\"widget\" data-widget_type=\"image.default\">\n\t\t\t\t<div class=\"elementor-widget-container\">\n\t\t\t\t\t\t\t\t\t\t\t\t<figure class=\"wp-caption\">\n\t\t\t\t\t\t\t\t\t\t\t<a href=\"https:\/\/pointformation-laval.fr\/index.php\/assistante-ressources-humaines\/\">\n\t\t\t\t\t\t\t<img fetchpriority=\"high\" decoding=\"async\" width=\"640\" height=\"200\" src=\"https:\/\/pointformation-laval.fr\/wp-content\/uploads\/2023\/09\/ARH-640x200.jpg\" class=\"attachment-header size-header wp-image-1350\" alt=\"\" \/>\t\t\t\t\t\t\t\t<\/a>\n\t\t\t\t\t\t\t\t\t\t\t<figcaption class=\"widget-image-caption wp-caption-text\"><\/figcaption>\n\t\t\t\t\t\t\t\t\t\t<\/figure>\n\t\t\t\t\t\t\t\t\t<\/div>\n\t\t\t\t<\/div>\n\t\t\t\t<div class=\"elementor-element elementor-element-1ddc4615 elementor-widget elementor-widget-image\" data-id=\"1ddc4615\" data-element_type=\"widget\" data-e-type=\"widget\" data-widget_type=\"image.default\">\n\t\t\t\t<div class=\"elementor-widget-container\">\n\t\t\t\t\t\t\t\t\t\t\t\t<figure class=\"wp-caption\">\n\t\t\t\t\t\t\t\t\t\t\t<a href=\"https:\/\/pointformation-laval.fr\/index.php\/gestionnaire-de-paie\/\">\n\t\t\t\t\t\t\t<img decoding=\"async\" width=\"640\" height=\"200\" src=\"https:\/\/pointformation-laval.fr\/wp-content\/uploads\/2023\/09\/GP-640x200.jpg\" class=\"attachment-header size-header wp-image-1351\" alt=\"\" \/>\t\t\t\t\t\t\t\t<\/a>\n\t\t\t\t\t\t\t\t\t\t\t<figcaption class=\"widget-image-caption wp-caption-text\"><\/figcaption>\n\t\t\t\t\t\t\t\t\t\t<\/figure>\n\t\t\t\t\t\t\t\t\t<\/div>\n\t\t\t\t<\/div>\n\t\t\t\t<div class=\"elementor-element elementor-element-568a804e elementor-widget elementor-widget-image\" data-id=\"568a804e\" data-element_type=\"widget\" data-e-type=\"widget\" data-widget_type=\"image.default\">\n\t\t\t\t<div class=\"elementor-widget-container\">\n\t\t\t\t\t\t\t\t\t\t\t\t<figure class=\"wp-caption\">\n\t\t\t\t\t\t\t\t\t\t\t<a href=\"http:\/\/pointformation-laval.fr\/index.php\/logiciel-de-paie-silae-3\/\">\n\t\t\t\t\t\t\t<img decoding=\"async\" width=\"640\" height=\"200\" src=\"https:\/\/pointformation-laval.fr\/wp-content\/uploads\/2023\/09\/SILAE-640x200.jpg\" class=\"attachment-header size-header wp-image-1352\" alt=\"\" \/>\t\t\t\t\t\t\t\t<\/a>\n\t\t\t\t\t\t\t\t\t\t\t<figcaption class=\"widget-image-caption wp-caption-text\"><\/figcaption>\n\t\t\t\t\t\t\t\t\t\t<\/figure>\n\t\t\t\t\t\t\t\t\t<\/div>\n\t\t\t\t<\/div>\n\t\t\t\t\t<\/div>\n\t\t<\/div>\n\t\t\t\t\t<\/div>\n\t\t<\/section>\n\t\t\t\t<\/div>\n\t\t","protected":false},"excerpt":{"rendered":"<p>Formations en paie et ressources humaines Vous voulez d\u00e9couvrir le m\u00e9tier de Gestionnaire de paie ou d&rsquo;Assistant(e) en Ressources Humaines, vous perfectionner ou bien d\u00e9couvrir le logiciel SILAE, venez d\u00e9couvrir nos formations.<\/p>\n<p> <a class=\"continue-reading-link\" href=\"https:\/\/pointformation-laval.fr\/index.php\/elementor-1348\/\"><span>Continue reading<\/span><i class=\"crycon-right-dir\"><\/i><\/a> <\/p>\n","protected":false},"author":1,"featured_media":0,"parent":0,"menu_order":0,"comment_status":"closed","ping_status":"closed","template":"","meta":{"footnotes":""},"class_list":["post-1348","page","type-page","status-publish","hentry"],"aioseo_notices":[],"_links":{"self":[{"href":"https:\/\/pointformation-laval.fr\/index.php\/wp-json\/wp\/v2\/pages\/1348","targetHints":{"allow":["GET"]}}],"collection":[{"href":"https:\/\/pointformation-laval.fr\/index.php\/wp-json\/wp\/v2\/pages"}],"about":[{"href":"https:\/\/pointformation-laval.fr\/index.php\/wp-json\/wp\/v2\/types\/page"}],"author":[{"embeddable":true,"href":"https:\/\/pointformation-laval.fr\/index.php\/wp-json\/wp\/v2\/users\/1"}],"replies":[{"embeddable":true,"href":"https:\/\/pointformation-laval.fr\/index.php\/wp-json\/wp\/v2\/comments?post=1348"}],"version-history":[{"count":14,"href":"https:\/\/pointformation-laval.fr\/index.php\/wp-json\/wp\/v2\/pages\/1348\/revisions"}],"predecessor-version":[{"id":1459,"href":"https:\/\/pointformation-laval.fr\/index.php\/wp-json\/wp\/v2\/pages\/1348\/revisions\/1459"}],"wp:attachment":[{"href":"https:\/\/pointformation-laval.fr\/index.php\/wp-json\/wp\/v2\/media?parent=1348"}],"curies":[{"name":"wp","href":"https:\/\/api.w.org\/{rel}","templated":true}]}}