{"id":416,"date":"2017-10-24T14:05:21","date_gmt":"2017-10-24T12:05:21","guid":{"rendered":"http:\/\/pointformation-laval.fr\/?page_id=416"},"modified":"2025-07-25T15:07:18","modified_gmt":"2025-07-25T13:07:18","slug":"calendrier-des-epreuves","status":"publish","type":"page","link":"https:\/\/pointformation-laval.fr\/index.php\/calendrier-des-epreuves\/","title":{"rendered":"Calendrier des \u00e9preuves"},"content":{"rendered":"<hr \/>\n<h5><span style=\"color: #3c96bd;\">Titre d&rsquo;assistant de comptabilit\u00e9 et d&rsquo;administration (ASCA)<\/span><\/h5>\n<p>\u00c9preuves le 6 Octobre et le 7 Octobre 2025<\/p>\n<p>\u00c9preuves le 21 Janvier et le 22 Janvier 2026<\/p>\n<p>\u00c9preuves le 1er Juin et le 2 Juin 2026<\/p>\n<h5><span style=\"color: #3c96bd;\">Titre d&rsquo;assistant d&rsquo;administration commerciale et de communication (ASCOM)<\/span><\/h5>\n<p>\u00c9preuves le 13 Octobre et le 14 Octobre 2025<\/p>\n<p>\u00c9preuves le 4 F\u00e9vrier et le 5 F\u00e9vrier 2026<\/p>\n<p>\u00c9preuves le 9 Juin et le 10 Juin 2026<\/p>\n<hr \/>\n<h5><span style=\"color: #3c96bd;\">Titre Gestionnaire Comptable et Fiscal<br \/>\n<\/span><\/h5>\n<p>\u00c9preuves du 18\/11\/2025 au 19\/11\/2025<\/p>\n<p>\u00c9preuves du 21\/04\/2026 au 22\/04\/2026<\/p>\n<p>\u00c9preuves du 17\/11\/2026 au 18\/11\/2026<\/p>\n<hr \/>\n<h5><span style=\"color: #3c96bd;\">Titre Gestionnaire de Paie<\/span><\/h5>\n<p>\u00c9preuves du 16\/12\/2025 au 17\/12\/2025<\/p>\n<p>\u00c9preuves du 16\/06\/2026 au 17\/06\/2026<\/p>\n<p>\u00c9preuves du 15\/12\/2026 au 16\/12\/2026<\/p>\n<hr \/>\n<h5><span style=\"color: #3c96bd;\">Titre Assistant(e) Ressources Humaines<\/span><\/h5>\n<p>\u00c9preuves du 16\/12\/2025 au 17\/12\/2025<\/p>\n<p>\u00c9preuves du 16\/06\/2026 au 17\/06\/2026<\/p>\n<p>\u00c9preuves du 15\/12\/2026 au 16\/12\/2026<\/p>\n","protected":false},"excerpt":{"rendered":"<p>Titre d&rsquo;assistant de comptabilit\u00e9 et d&rsquo;administration (ASCA) \u00c9preuves le 6 Octobre et le 7 Octobre 2025 \u00c9preuves le 21 Janvier et le 22 Janvier 2026 \u00c9preuves le 1er Juin et le 2 Juin 2026 Titre d&rsquo;assistant d&rsquo;administration commerciale et de communication (ASCOM) \u00c9preuves le 13 Octobre et le 14 Octobre\u2026<\/p>\n<p> <a class=\"continue-reading-link\" href=\"https:\/\/pointformation-laval.fr\/index.php\/calendrier-des-epreuves\/\"><span>Continue reading<\/span><i class=\"crycon-right-dir\"><\/i><\/a> <\/p>\n","protected":false},"author":1,"featured_media":0,"parent":0,"menu_order":0,"comment_status":"closed","ping_status":"closed","template":"","meta":{"footnotes":""},"class_list":["post-416","page","type-page","status-publish","hentry"],"aioseo_notices":[],"_links":{"self":[{"href":"https:\/\/pointformation-laval.fr\/index.php\/wp-json\/wp\/v2\/pages\/416","targetHints":{"allow":["GET"]}}],"collection":[{"href":"https:\/\/pointformation-laval.fr\/index.php\/wp-json\/wp\/v2\/pages"}],"about":[{"href":"https:\/\/pointformation-laval.fr\/index.php\/wp-json\/wp\/v2\/types\/page"}],"author":[{"embeddable":true,"href":"https:\/\/pointformation-laval.fr\/index.php\/wp-json\/wp\/v2\/users\/1"}],"replies":[{"embeddable":true,"href":"https:\/\/pointformation-laval.fr\/index.php\/wp-json\/wp\/v2\/comments?post=416"}],"version-history":[{"count":22,"href":"https:\/\/pointformation-laval.fr\/index.php\/wp-json\/wp\/v2\/pages\/416\/revisions"}],"predecessor-version":[{"id":2215,"href":"https:\/\/pointformation-laval.fr\/index.php\/wp-json\/wp\/v2\/pages\/416\/revisions\/2215"}],"wp:attachment":[{"href":"https:\/\/pointformation-laval.fr\/index.php\/wp-json\/wp\/v2\/media?parent=416"}],"curies":[{"name":"wp","href":"https:\/\/api.w.org\/{rel}","templated":true}]}}