{"id":50,"date":"2017-02-24T22:02:19","date_gmt":"2017-02-24T21:02:19","guid":{"rendered":"http:\/\/pointformation-laval.fr\/?page_id=50"},"modified":"2023-09-11T10:08:31","modified_gmt":"2023-09-11T08:08:31","slug":"comptabilite","status":"publish","type":"page","link":"https:\/\/pointformation-laval.fr\/index.php\/comptabilite\/","title":{"rendered":"Secr\u00e9tariat, Comptabilit\u00e9 et Gestion"},"content":{"rendered":"\t\t<div data-elementor-type=\"wp-page\" data-elementor-id=\"50\" class=\"elementor elementor-50\">\n\t\t\t\t\t\t<section class=\"elementor-section elementor-top-section elementor-element elementor-element-7be087f3 elementor-section-boxed elementor-section-height-default elementor-section-height-default\" data-id=\"7be087f3\" data-element_type=\"section\" data-e-type=\"section\">\n\t\t\t\t\t\t<div class=\"elementor-container elementor-column-gap-default\">\n\t\t\t\t\t<div class=\"elementor-column elementor-col-100 elementor-top-column elementor-element elementor-element-415a22ad\" data-id=\"415a22ad\" data-element_type=\"column\" data-e-type=\"column\">\n\t\t\t<div class=\"elementor-widget-wrap elementor-element-populated\">\n\t\t\t\t\t\t<div class=\"elementor-element elementor-element-02a0fec elementor-widget elementor-widget-heading\" data-id=\"02a0fec\" data-element_type=\"widget\" data-e-type=\"widget\" data-widget_type=\"heading.default\">\n\t\t\t\t<div class=\"elementor-widget-container\">\n\t\t\t\t\t<h4 class=\"elementor-heading-title elementor-size-default\">Formations en secr\u00e9tariat, comptabilit\u00e9 et Gestion<\/h4>\t\t\t\t<\/div>\n\t\t\t\t<\/div>\n\t\t\t\t<div class=\"elementor-element elementor-element-4d2e213e elementor-widget elementor-widget-text-editor\" data-id=\"4d2e213e\" data-element_type=\"widget\" data-e-type=\"widget\" data-widget_type=\"text-editor.default\">\n\t\t\t\t<div class=\"elementor-widget-container\">\n\t\t\t\t\t\t\t\t\t<p style=\"text-align: justify;\">Vous voulez d\u00e9couvrir la comptabilit\u00e9, vous perfectionner ou bien optimiser vos outils de gestion, venez d\u00e9couvrir nos formations en Secr\u00e9tariat, Comptabilit\u00e9 \/ Gestion.<\/p>\t\t\t\t\t\t\t\t<\/div>\n\t\t\t\t<\/div>\n\t\t\t\t\t<\/div>\n\t\t<\/div>\n\t\t\t\t\t<\/div>\n\t\t<\/section>\n\t\t\t\t<section class=\"elementor-section elementor-top-section elementor-element elementor-element-2ef8a15 elementor-section-boxed elementor-section-height-default elementor-section-height-default\" data-id=\"2ef8a15\" data-element_type=\"section\" data-e-type=\"section\">\n\t\t\t\t\t\t<div class=\"elementor-container elementor-column-gap-default\">\n\t\t\t\t\t<div class=\"elementor-column elementor-col-100 elementor-top-column elementor-element elementor-element-b3fa8c9\" data-id=\"b3fa8c9\" data-element_type=\"column\" data-e-type=\"column\">\n\t\t\t<div class=\"elementor-widget-wrap elementor-element-populated\">\n\t\t\t\t\t\t<div class=\"elementor-element elementor-element-e5ff051 elementor-widget elementor-widget-image\" data-id=\"e5ff051\" data-element_type=\"widget\" data-e-type=\"widget\" data-widget_type=\"image.default\">\n\t\t\t\t<div class=\"elementor-widget-container\">\n\t\t\t\t\t\t\t\t\t\t\t\t<figure class=\"wp-caption\">\n\t\t\t\t\t\t\t\t\t\t\t<a href=\"http:\/\/pointformation-laval.fr\/index.php\/titre-assistante-de-comptabilite-et-dadministration-tpe-pme-asca\/\">\n\t\t\t\t\t\t\t<img fetchpriority=\"high\" decoding=\"async\" width=\"640\" height=\"200\" src=\"http:\/\/pointformation-laval.fr\/wp-content\/uploads\/2023\/09\/ASCA-2-640x200.jpg\" class=\"attachment-header size-header wp-image-1130\" alt=\"\" \/>\t\t\t\t\t\t\t\t<\/a>\n\t\t\t\t\t\t\t\t\t\t\t<figcaption class=\"widget-image-caption wp-caption-text\"><\/figcaption>\n\t\t\t\t\t\t\t\t\t\t<\/figure>\n\t\t\t\t\t\t\t\t\t<\/div>\n\t\t\t\t<\/div>\n\t\t\t\t<div class=\"elementor-element elementor-element-010572e elementor-widget elementor-widget-image\" data-id=\"010572e\" data-element_type=\"widget\" data-e-type=\"widget\" data-widget_type=\"image.default\">\n\t\t\t\t<div class=\"elementor-widget-container\">\n\t\t\t\t\t\t\t\t\t\t\t\t<figure class=\"wp-caption\">\n\t\t\t\t\t\t\t\t\t\t\t<a href=\"http:\/\/pointformation-laval.fr\/index.php\/elementor-1291\/\">\n\t\t\t\t\t\t\t<img decoding=\"async\" width=\"640\" height=\"200\" src=\"http:\/\/pointformation-laval.fr\/wp-content\/uploads\/2023\/09\/SC-1-640x200.jpg\" class=\"attachment-header size-header wp-image-1132\" alt=\"\" \/>\t\t\t\t\t\t\t\t<\/a>\n\t\t\t\t\t\t\t\t\t\t\t<figcaption class=\"widget-image-caption wp-caption-text\"><\/figcaption>\n\t\t\t\t\t\t\t\t\t\t<\/figure>\n\t\t\t\t\t\t\t\t\t<\/div>\n\t\t\t\t<\/div>\n\t\t\t\t<div class=\"elementor-element elementor-element-45eb858 elementor-widget elementor-widget-image\" data-id=\"45eb858\" data-element_type=\"widget\" data-e-type=\"widget\" data-widget_type=\"image.default\">\n\t\t\t\t<div class=\"elementor-widget-container\">\n\t\t\t\t\t\t\t\t\t\t\t\t<figure class=\"wp-caption\">\n\t\t\t\t\t\t\t\t\t\t\t<a href=\"http:\/\/pointformation-laval.fr\/index.php\/titre-gestionnaire-comptable-et-fiscal-2\/\">\n\t\t\t\t\t\t\t<img decoding=\"async\" width=\"640\" height=\"200\" src=\"http:\/\/pointformation-laval.fr\/wp-content\/uploads\/2023\/09\/GCF-1-640x200.jpg\" class=\"attachment-header size-header wp-image-1131\" alt=\"\" \/>\t\t\t\t\t\t\t\t<\/a>\n\t\t\t\t\t\t\t\t\t\t\t<figcaption class=\"widget-image-caption wp-caption-text\"><\/figcaption>\n\t\t\t\t\t\t\t\t\t\t<\/figure>\n\t\t\t\t\t\t\t\t\t<\/div>\n\t\t\t\t<\/div>\n\t\t\t\t\t<\/div>\n\t\t<\/div>\n\t\t\t\t\t<\/div>\n\t\t<\/section>\n\t\t\t\t<\/div>\n\t\t","protected":false},"excerpt":{"rendered":"<p>Formations en secr\u00e9tariat, comptabilit\u00e9 et Gestion Vous voulez d\u00e9couvrir la comptabilit\u00e9, vous perfectionner ou bien optimiser vos outils de gestion, venez d\u00e9couvrir nos formations en Secr\u00e9tariat, Comptabilit\u00e9 \/ Gestion.<\/p>\n<p> <a class=\"continue-reading-link\" href=\"https:\/\/pointformation-laval.fr\/index.php\/comptabilite\/\"><span>Continue reading<\/span><i class=\"crycon-right-dir\"><\/i><\/a> <\/p>\n","protected":false},"author":1,"featured_media":0,"parent":0,"menu_order":0,"comment_status":"closed","ping_status":"closed","template":"","meta":{"footnotes":""},"class_list":["post-50","page","type-page","status-publish","hentry"],"aioseo_notices":[],"_links":{"self":[{"href":"https:\/\/pointformation-laval.fr\/index.php\/wp-json\/wp\/v2\/pages\/50","targetHints":{"allow":["GET"]}}],"collection":[{"href":"https:\/\/pointformation-laval.fr\/index.php\/wp-json\/wp\/v2\/pages"}],"about":[{"href":"https:\/\/pointformation-laval.fr\/index.php\/wp-json\/wp\/v2\/types\/page"}],"author":[{"embeddable":true,"href":"https:\/\/pointformation-laval.fr\/index.php\/wp-json\/wp\/v2\/users\/1"}],"replies":[{"embeddable":true,"href":"https:\/\/pointformation-laval.fr\/index.php\/wp-json\/wp\/v2\/comments?post=50"}],"version-history":[{"count":157,"href":"https:\/\/pointformation-laval.fr\/index.php\/wp-json\/wp\/v2\/pages\/50\/revisions"}],"predecessor-version":[{"id":1330,"href":"https:\/\/pointformation-laval.fr\/index.php\/wp-json\/wp\/v2\/pages\/50\/revisions\/1330"}],"wp:attachment":[{"href":"https:\/\/pointformation-laval.fr\/index.php\/wp-json\/wp\/v2\/media?parent=50"}],"curies":[{"name":"wp","href":"https:\/\/api.w.org\/{rel}","templated":true}]}}