{"id":56,"date":"2017-02-24T22:04:30","date_gmt":"2017-02-24T21:04:30","guid":{"rendered":"http:\/\/pointformation-laval.fr\/?page_id=56"},"modified":"2023-09-29T14:27:13","modified_gmt":"2023-09-29T12:27:13","slug":"site-internet-et-boutique-e-commerce","status":"publish","type":"page","link":"https:\/\/pointformation-laval.fr\/index.php\/site-internet-et-boutique-e-commerce\/","title":{"rendered":"Site Internet et Boutique E-Commerce"},"content":{"rendered":"\t\t<div data-elementor-type=\"wp-page\" data-elementor-id=\"56\" class=\"elementor elementor-56\">\n\t\t\t\t\t\t<section class=\"elementor-section elementor-top-section elementor-element elementor-element-fe7aad1 elementor-section-boxed elementor-section-height-default elementor-section-height-default\" data-id=\"fe7aad1\" data-element_type=\"section\" data-e-type=\"section\">\n\t\t\t\t\t\t<div class=\"elementor-container elementor-column-gap-default\">\n\t\t\t\t\t<div class=\"elementor-column elementor-col-100 elementor-top-column elementor-element elementor-element-199ad158\" data-id=\"199ad158\" data-element_type=\"column\" data-e-type=\"column\">\n\t\t\t<div class=\"elementor-widget-wrap elementor-element-populated\">\n\t\t\t\t\t\t<div class=\"elementor-element elementor-element-1d59c604 elementor-widget elementor-widget-heading\" data-id=\"1d59c604\" data-element_type=\"widget\" data-e-type=\"widget\" data-widget_type=\"heading.default\">\n\t\t\t\t<div class=\"elementor-widget-container\">\n\t\t\t\t\t<h4 class=\"elementor-heading-title elementor-size-default\">Cr\u00e9ation de site internet avec WORDPRESS<\/h4>\t\t\t\t<\/div>\n\t\t\t\t<\/div>\n\t\t\t\t<div class=\"elementor-element elementor-element-1cf98e14 elementor-widget elementor-widget-text-editor\" data-id=\"1cf98e14\" data-element_type=\"widget\" data-e-type=\"widget\" data-widget_type=\"text-editor.default\">\n\t\t\t\t<div class=\"elementor-widget-container\">\n\t\t\t\t\t\t\t\t\t<p style=\"text-align: justify;\">Vous souhaitez cr\u00e9er votre site internet professionne?<\/p><p style=\"text-align: justify;\">Nous vous proposons des formations personnalis\u00e9es en fonction de votre demande, sur un outils de cr\u00e9ation Web : <strong>WordPress<\/strong>.<\/p><p class=\"entry-summary excerpt mgt6 mgb6\" style=\"text-align: justify;\">WordPress est un logiciel\u00a0destin\u00e9 \u00e0 la conception et \u00e0 la mise \u00e0 jour dynamique de sites Web ou d&rsquo;applications multim\u00e9dias. Cet outil propose de larges possibilit\u00e9s et a l&rsquo;avantage d&rsquo;\u00eatre gratuit, ce qui permet de reproduire vos acquis chez vous.<\/p>\t\t\t\t\t\t\t\t<\/div>\n\t\t\t\t<\/div>\n\t\t\t\t\t<\/div>\n\t\t<\/div>\n\t\t\t\t\t<\/div>\n\t\t<\/section>\n\t\t\t\t<section class=\"elementor-section elementor-top-section elementor-element elementor-element-2807a5e elementor-section-boxed elementor-section-height-default elementor-section-height-default\" data-id=\"2807a5e\" data-element_type=\"section\" data-e-type=\"section\">\n\t\t\t\t\t\t<div class=\"elementor-container elementor-column-gap-default\">\n\t\t\t\t\t<div class=\"elementor-column elementor-col-100 elementor-top-column elementor-element elementor-element-4c9a50c9\" data-id=\"4c9a50c9\" data-element_type=\"column\" data-e-type=\"column\">\n\t\t\t<div class=\"elementor-widget-wrap elementor-element-populated\">\n\t\t\t\t\t\t<div class=\"elementor-element elementor-element-2640c2bd elementor-widget elementor-widget-image\" data-id=\"2640c2bd\" data-element_type=\"widget\" data-e-type=\"widget\" data-widget_type=\"image.default\">\n\t\t\t\t<div class=\"elementor-widget-container\">\n\t\t\t\t\t\t\t\t\t\t\t\t<figure class=\"wp-caption\">\n\t\t\t\t\t\t\t\t\t\t\t<a href=\"http:\/\/pointformation-laval.fr\/index.php\/creation-de-site-internet-avec-wordpress\/\">\n\t\t\t\t\t\t\t<img fetchpriority=\"high\" decoding=\"async\" width=\"300\" height=\"169\" src=\"https:\/\/pointformation-laval.fr\/wp-content\/uploads\/2023\/09\/WordPress-Logo-650x366-1-300x169.png\" class=\"attachment-medium size-medium wp-image-1387\" alt=\"\" srcset=\"https:\/\/pointformation-laval.fr\/wp-content\/uploads\/2023\/09\/WordPress-Logo-650x366-1-300x169.png 300w, https:\/\/pointformation-laval.fr\/wp-content\/uploads\/2023\/09\/WordPress-Logo-650x366-1-150x84.png 150w, https:\/\/pointformation-laval.fr\/wp-content\/uploads\/2023\/09\/WordPress-Logo-650x366-1.png 650w\" sizes=\"(max-width: 300px) 100vw, 300px\" \/>\t\t\t\t\t\t\t\t<\/a>\n\t\t\t\t\t\t\t\t\t\t\t<figcaption class=\"widget-image-caption wp-caption-text\"><\/figcaption>\n\t\t\t\t\t\t\t\t\t\t<\/figure>\n\t\t\t\t\t\t\t\t\t<\/div>\n\t\t\t\t<\/div>\n\t\t\t\t\t<\/div>\n\t\t<\/div>\n\t\t\t\t\t<\/div>\n\t\t<\/section>\n\t\t\t\t<\/div>\n\t\t","protected":false},"excerpt":{"rendered":"<p>Cr\u00e9ation de site internet avec WORDPRESS Vous souhaitez cr\u00e9er votre site internet professionne? Nous vous proposons des formations personnalis\u00e9es en fonction de votre demande, sur un outils de cr\u00e9ation Web : WordPress. WordPress est un logiciel\u00a0destin\u00e9 \u00e0 la conception et \u00e0 la mise \u00e0 jour dynamique de sites Web ou\u2026<\/p>\n<p> <a class=\"continue-reading-link\" href=\"https:\/\/pointformation-laval.fr\/index.php\/site-internet-et-boutique-e-commerce\/\"><span>Continue reading<\/span><i class=\"crycon-right-dir\"><\/i><\/a> <\/p>\n","protected":false},"author":1,"featured_media":0,"parent":0,"menu_order":0,"comment_status":"closed","ping_status":"closed","template":"","meta":{"footnotes":""},"class_list":["post-56","page","type-page","status-publish","hentry"],"aioseo_notices":[],"_links":{"self":[{"href":"https:\/\/pointformation-laval.fr\/index.php\/wp-json\/wp\/v2\/pages\/56","targetHints":{"allow":["GET"]}}],"collection":[{"href":"https:\/\/pointformation-laval.fr\/index.php\/wp-json\/wp\/v2\/pages"}],"about":[{"href":"https:\/\/pointformation-laval.fr\/index.php\/wp-json\/wp\/v2\/types\/page"}],"author":[{"embeddable":true,"href":"https:\/\/pointformation-laval.fr\/index.php\/wp-json\/wp\/v2\/users\/1"}],"replies":[{"embeddable":true,"href":"https:\/\/pointformation-laval.fr\/index.php\/wp-json\/wp\/v2\/comments?post=56"}],"version-history":[{"count":20,"href":"https:\/\/pointformation-laval.fr\/index.php\/wp-json\/wp\/v2\/pages\/56\/revisions"}],"predecessor-version":[{"id":1670,"href":"https:\/\/pointformation-laval.fr\/index.php\/wp-json\/wp\/v2\/pages\/56\/revisions\/1670"}],"wp:attachment":[{"href":"https:\/\/pointformation-laval.fr\/index.php\/wp-json\/wp\/v2\/media?parent=56"}],"curies":[{"name":"wp","href":"https:\/\/api.w.org\/{rel}","templated":true}]}}