{"id":67,"date":"2017-02-24T22:10:37","date_gmt":"2017-02-24T21:10:37","guid":{"rendered":"http:\/\/pointformation-laval.fr\/?page_id=67"},"modified":"2018-02-16T11:59:39","modified_gmt":"2018-02-16T10:59:39","slug":"financements-possibles","status":"publish","type":"page","link":"https:\/\/pointformation-laval.fr\/index.php\/financements-possibles\/","title":{"rendered":"Mentions l\u00e9gales"},"content":{"rendered":"<p>SAS Point Formation<\/p>\n<p><em>Adresse<\/em> : Immeuble Sequo\u00efa, Zone d&rsquo;activit\u00e9 de la Beucherie 53000 Laval<\/p>\n<p><em>Capital social<\/em> : 4 000 \u20ac<\/p>\n<p><em>Adresse mail<\/em> : pointformation53@gmail.com<\/p>\n<p><em>Num\u00e9ro de t\u00e9l\u00e9phone<\/em> : 07.71.72.67.51<\/p>\n<p><em>Num\u00e9ro RCS<\/em> : 831 819 149 00012 R.C.S. Laval<\/p>\n<p><em>Code APE<\/em> : 8559A <em>D\u00e9claration d&rsquo;activit\u00e9 enregistr\u00e9e sous le num\u00e9ro 52530089253 aupr\u00e8s du Pr\u00e9fet de r\u00e9gion des Pays de Loire (<i>Cet enregistrement ne vaut pas agr\u00e9ment de l\u2019\u00c9tat<\/i>).<\/em><\/p>\n<p><em>H\u00e9bergeur<\/em> : SAS OVH, 2 rue Kellermann &#8211; 59100 Roubaix &#8211; France<\/p>\n<p><em>Pr\u00e9sident<\/em> : Maxime Bourcier<\/p>\n<p><em>Directeur g\u00e9n\u00e9ral<\/em> : Lore Bourcier<\/p>\n","protected":false},"excerpt":{"rendered":"<p>SAS Point Formation Adresse : Immeuble Sequo\u00efa, Zone d&rsquo;activit\u00e9 de la Beucherie 53000 Laval Capital social : 4 000 \u20ac Adresse mail : pointformation53@gmail.com Num\u00e9ro de t\u00e9l\u00e9phone : 07.71.72.67.51 Num\u00e9ro RCS : 831 819 149 00012 R.C.S. Laval Code APE : 8559A D\u00e9claration d&rsquo;activit\u00e9 enregistr\u00e9e sous le num\u00e9ro 52530089253 aupr\u00e8s\u2026<\/p>\n<p> <a class=\"continue-reading-link\" href=\"https:\/\/pointformation-laval.fr\/index.php\/financements-possibles\/\"><span>Continue reading<\/span><i class=\"crycon-right-dir\"><\/i><\/a> <\/p>\n","protected":false},"author":1,"featured_media":0,"parent":0,"menu_order":0,"comment_status":"closed","ping_status":"closed","template":"","meta":{"footnotes":""},"class_list":["post-67","page","type-page","status-publish","hentry"],"aioseo_notices":[],"_links":{"self":[{"href":"https:\/\/pointformation-laval.fr\/index.php\/wp-json\/wp\/v2\/pages\/67","targetHints":{"allow":["GET"]}}],"collection":[{"href":"https:\/\/pointformation-laval.fr\/index.php\/wp-json\/wp\/v2\/pages"}],"about":[{"href":"https:\/\/pointformation-laval.fr\/index.php\/wp-json\/wp\/v2\/types\/page"}],"author":[{"embeddable":true,"href":"https:\/\/pointformation-laval.fr\/index.php\/wp-json\/wp\/v2\/users\/1"}],"replies":[{"embeddable":true,"href":"https:\/\/pointformation-laval.fr\/index.php\/wp-json\/wp\/v2\/comments?post=67"}],"version-history":[{"count":6,"href":"https:\/\/pointformation-laval.fr\/index.php\/wp-json\/wp\/v2\/pages\/67\/revisions"}],"predecessor-version":[{"id":522,"href":"https:\/\/pointformation-laval.fr\/index.php\/wp-json\/wp\/v2\/pages\/67\/revisions\/522"}],"wp:attachment":[{"href":"https:\/\/pointformation-laval.fr\/index.php\/wp-json\/wp\/v2\/media?parent=67"}],"curies":[{"name":"wp","href":"https:\/\/api.w.org\/{rel}","templated":true}]}}