{"id":879,"date":"2022-06-07T13:46:45","date_gmt":"2022-06-07T11:46:45","guid":{"rendered":"https:\/\/pointformation-laval.fr\/?page_id=879"},"modified":"2023-08-29T14:40:00","modified_gmt":"2023-08-29T12:40:00","slug":"infos-pratiques","status":"publish","type":"page","link":"https:\/\/pointformation-laval.fr\/index.php\/infos-pratiques\/","title":{"rendered":"Infos pratiques"},"content":{"rendered":"\n<p><strong>Plan d&rsquo;acc\u00e8s<\/strong><\/p>\n\n\n\n<iframe src=\"https:\/\/www.google.com\/maps\/embed?pb=!1m18!1m12!1m3!1d2665.2803677103784!2d-0.8090376699718852!3d48.08553191275219!2m3!1f0!2f0!3f0!3m2!1i1024!2i768!4f13.1!3m3!1m2!1s0x4809028418aeae1b%3A0x958567984db740dc!2sPoint%20Formation!5e0!3m2!1sfr!2sfr!4v1654595873935!5m2!1sfr!2sfr\" width=\"800\" height=\"600\" style=\"border:0;\" allowfullscreen=\"\" loading=\"lazy\" referrerpolicy=\"no-referrer-when-downgrade\"><\/iframe>\n\n\n\n<div style=\"height:60px\" aria-hidden=\"true\" class=\"wp-block-spacer\"><\/div>\n\n\n\n<p><strong>Informations pratiques<\/strong><\/p>\n\n\n\n<ul class=\"wp-block-list\">\n<li>Grand parking au pied du b\u00e2timent<\/li>\n\n\n\n<li>Arr\u00eat de bus le plus proche parc de l&rsquo;habitat (ligne A), voir <a href=\"http:\/\/pointformation-laval.fr\/wp-content\/uploads\/2022\/06\/envVECT-Laval-abribus-770x770-sept2020_V2.pdf\" target=\"_blank\" rel=\"noreferrer noopener\">carte des lignes de bus<\/a><\/li>\n\n\n\n<li>Accessible depuis la gare de Laval via la ligne de bus A<\/li>\n\n\n\n<li>H\u00e9bergement \u00e0 proximit\u00e9 : Fasth\u00f4tel \u00e0 500m, Premi\u00e8re classe \u00e0 1km, &#8230;<\/li>\n\n\n\n<li>Restauration : La Brasserie des Flandres \u00e0 300m, centre commercial Carrefour \u00e0 500m (Victoria, MacDonald, Burger King &#8230;) <\/li>\n<\/ul>\n\n\n\n<p><\/p>\n","protected":false},"excerpt":{"rendered":"<p>Plan d&rsquo;acc\u00e8s Informations pratiques<\/p>\n<p> <a class=\"continue-reading-link\" href=\"https:\/\/pointformation-laval.fr\/index.php\/infos-pratiques\/\"><span>Continue reading<\/span><i class=\"crycon-right-dir\"><\/i><\/a> <\/p>\n","protected":false},"author":1,"featured_media":0,"parent":0,"menu_order":0,"comment_status":"closed","ping_status":"closed","template":"","meta":{"footnotes":""},"class_list":["post-879","page","type-page","status-publish","hentry"],"aioseo_notices":[],"_links":{"self":[{"href":"https:\/\/pointformation-laval.fr\/index.php\/wp-json\/wp\/v2\/pages\/879","targetHints":{"allow":["GET"]}}],"collection":[{"href":"https:\/\/pointformation-laval.fr\/index.php\/wp-json\/wp\/v2\/pages"}],"about":[{"href":"https:\/\/pointformation-laval.fr\/index.php\/wp-json\/wp\/v2\/types\/page"}],"author":[{"embeddable":true,"href":"https:\/\/pointformation-laval.fr\/index.php\/wp-json\/wp\/v2\/users\/1"}],"replies":[{"embeddable":true,"href":"https:\/\/pointformation-laval.fr\/index.php\/wp-json\/wp\/v2\/comments?post=879"}],"version-history":[{"count":6,"href":"https:\/\/pointformation-laval.fr\/index.php\/wp-json\/wp\/v2\/pages\/879\/revisions"}],"predecessor-version":[{"id":927,"href":"https:\/\/pointformation-laval.fr\/index.php\/wp-json\/wp\/v2\/pages\/879\/revisions\/927"}],"wp:attachment":[{"href":"https:\/\/pointformation-laval.fr\/index.php\/wp-json\/wp\/v2\/media?parent=879"}],"curies":[{"name":"wp","href":"https:\/\/api.w.org\/{rel}","templated":true}]}}